{"id":1059,"date":"2024-11-26T11:31:53","date_gmt":"2024-11-26T10:31:53","guid":{"rendered":"https:\/\/happydaystress.com\/?page_id=1059"},"modified":"2026-04-10T08:47:52","modified_gmt":"2026-04-10T06:47:52","slug":"quienes-somos","status":"publish","type":"page","link":"https:\/\/happydaystress.com\/en\/quienes-somos\/","title":{"rendered":"Sobre m\u00ed &amp; colaboradores"},"content":{"rendered":"<div data-elementor-type=\"wp-page\" data-elementor-id=\"1059\" class=\"elementor elementor-1059\" data-elementor-post-type=\"page\">\n\t\t\t\t<div class=\"elementor-element elementor-element-f657ef1 e-flex e-con-boxed e-con e-parent\" data-id=\"f657ef1\" data-element_type=\"container\" data-e-type=\"container\" data-settings=\"{&quot;background_background&quot;:&quot;classic&quot;}\">\n\t\t\t\t\t<div class=\"e-con-inner\">\n\t\t\t\t<div class=\"elementor-element elementor-element-037c05c elementor-widget elementor-widget-heading\" data-id=\"037c05c\" data-element_type=\"widget\" data-e-type=\"widget\" data-widget_type=\"heading.default\">\n\t\t\t\t<div class=\"elementor-widget-container\">\n\t\t\t\t\t<h1 class=\"elementor-heading-title elementor-size-default\">Acompa\u00f1ando personas y equipos a relacionarse consigo y con las dem\u00e1s\ndesde el autocuidado, el cuidado del otro y a maximizar el impacto de sus palabras<\/h1>\t\t\t\t<\/div>\n\t\t\t\t<\/div>\n\t\t\t\t\t<\/div>\n\t\t\t\t<\/div>\n\t\t<div class=\"elementor-element elementor-element-5fd4adf e-flex e-con-boxed e-con e-parent\" data-id=\"5fd4adf\" data-element_type=\"container\" data-e-type=\"container\">\n\t\t\t\t\t<div class=\"e-con-inner\">\n\t\t<div class=\"elementor-element elementor-element-8b1be14 e-con-full e-flex e-con e-child\" data-id=\"8b1be14\" data-element_type=\"container\" data-e-type=\"container\">\n\t\t\t\t<div class=\"elementor-element elementor-element-00a5c02 elementor-widget elementor-widget-image\" data-id=\"00a5c02\" data-element_type=\"widget\" data-e-type=\"widget\" data-widget_type=\"image.default\">\n\t\t\t\t<div class=\"elementor-widget-container\">\n\t\t\t\t\t\t\t\t\t\t\t\t\t\t\t<img fetchpriority=\"high\" decoding=\"async\" width=\"650\" height=\"650\" src=\"https:\/\/happydaystress.com\/wp-content\/uploads\/2024\/11\/annabel2.jpg\" class=\"attachment-full size-full wp-image-1150\" alt=\"anabel cnv\" srcset=\"https:\/\/happydaystress.com\/wp-content\/uploads\/2024\/11\/annabel2.jpg 650w, https:\/\/happydaystress.com\/wp-content\/uploads\/2024\/11\/annabel2-300x300.jpg 300w, https:\/\/happydaystress.com\/wp-content\/uploads\/2024\/11\/annabel2-150x150.jpg 150w\" sizes=\"(max-width: 650px) 100vw, 650px\" \/>\t\t\t\t\t\t\t\t\t\t\t\t\t\t\t<\/div>\n\t\t\t\t<\/div>\n\t\t\t\t<div class=\"elementor-element elementor-element-06f28bc elementor-widget elementor-widget-heading\" data-id=\"06f28bc\" data-element_type=\"widget\" data-e-type=\"widget\" data-widget_type=\"heading.default\">\n\t\t\t\t<div class=\"elementor-widget-container\">\n\t\t\t\t\t<h2 class=\"elementor-heading-title elementor-size-default\">Annabel Lem\u00e9tais\n<\/h2>\t\t\t\t<\/div>\n\t\t\t\t<\/div>\n\t\t\t\t<div class=\"elementor-element elementor-element-7d52235 elementor-widget elementor-widget-text-editor\" data-id=\"7d52235\" data-element_type=\"widget\" data-e-type=\"widget\" data-widget_type=\"text-editor.default\">\n\t\t\t\t<div class=\"elementor-widget-container\">\n\t\t\t\t\t\t\t\t\t<p>French, and former Global Communication Director at a US technology multinational, I help leaders boost their career, enhance their leadership and communication skills, effectively manage stress, and build trust across the organization. I facilitate relationships with the teams. I am a certified coach (ICF-certified program), certified in the <em>Leadership Circle Profile\u2122<\/em>, Facilitadora Sist\u00e9mica certificada y Formadora Certificada en Comunicaci\u00f3n NoViolenta. Adem\u00e1s, por pasi\u00f3n, me he certificado como profesora de yoga y meditaci\u00f3n. Soy tambi\u00e9n Business Partner de <strong><a href=\"https:\/\/conekta.org\/\" target=\"_blank\" rel=\"noopener\">Conekta<\/a><\/strong>.<\/p>\t\t\t\t\t\t\t\t<\/div>\n\t\t\t\t<\/div>\n\t\t\t\t<\/div>\n\t\t<div class=\"elementor-element elementor-element-2092f96 e-con-full e-flex e-con e-child\" data-id=\"2092f96\" data-element_type=\"container\" data-e-type=\"container\">\n\t\t\t\t<div class=\"elementor-element elementor-element-ddb23a6 elementor-widget elementor-widget-image\" data-id=\"ddb23a6\" data-element_type=\"widget\" data-e-type=\"widget\" data-widget_type=\"image.default\">\n\t\t\t\t<div class=\"elementor-widget-container\">\n\t\t\t\t\t\t\t\t\t\t\t\t\t\t\t<img decoding=\"async\" width=\"768\" height=\"768\" src=\"https:\/\/happydaystress.com\/wp-content\/uploads\/2024\/11\/Pedro-Rubio.jpg\" class=\"attachment-full size-full wp-image-1155\" alt=\"pedro rubio cnv\" srcset=\"https:\/\/happydaystress.com\/wp-content\/uploads\/2024\/11\/Pedro-Rubio.jpg 768w, https:\/\/happydaystress.com\/wp-content\/uploads\/2024\/11\/Pedro-Rubio-300x300.jpg 300w, https:\/\/happydaystress.com\/wp-content\/uploads\/2024\/11\/Pedro-Rubio-150x150.jpg 150w\" sizes=\"(max-width: 768px) 100vw, 768px\" \/>\t\t\t\t\t\t\t\t\t\t\t\t\t\t\t<\/div>\n\t\t\t\t<\/div>\n\t\t\t\t<div class=\"elementor-element elementor-element-57a4515 elementor-widget elementor-widget-heading\" data-id=\"57a4515\" data-element_type=\"widget\" data-e-type=\"widget\" data-widget_type=\"heading.default\">\n\t\t\t\t<div class=\"elementor-widget-container\">\n\t\t\t\t\t<h2 class=\"elementor-heading-title elementor-size-default\">Pedro Rubio\n<\/h2>\t\t\t\t<\/div>\n\t\t\t\t<\/div>\n\t\t\t\t<div class=\"elementor-element elementor-element-d105343 elementor-widget elementor-widget-text-editor\" data-id=\"d105343\" data-element_type=\"widget\" data-e-type=\"widget\" data-widget_type=\"text-editor.default\">\n\t\t\t\t<div class=\"elementor-widget-container\">\n\t\t\t\t\t\t\t\t\t<p>Most of my professional career was in human resources and organization development in different companies from different sectors. In 2007 I created my own company, Accendo, SL, to help develop people, teams and organizations through experiential learning and coaching. I am specialised in communication, relationships, leadership, change management and cultivating trust. I am certified in Team Diagnostic Assessment, The Leadership Circle, The Inner Game and I have been practicing NonViolent Communication since 2011.<\/p>\t\t\t\t\t\t\t\t<\/div>\n\t\t\t\t<\/div>\n\t\t\t\t<\/div>\n\t\t\t\t\t<\/div>\n\t\t\t\t<\/div>\n\t\t<div class=\"elementor-element elementor-element-b71be94 e-flex e-con-boxed e-con e-parent\" data-id=\"b71be94\" data-element_type=\"container\" data-e-type=\"container\">\n\t\t\t\t\t<div class=\"e-con-inner\">\n\t\t<div class=\"elementor-element elementor-element-2b5f0cb e-con-full e-flex e-con e-child\" data-id=\"2b5f0cb\" data-element_type=\"container\" data-e-type=\"container\">\n\t\t\t\t<div class=\"elementor-element elementor-element-f56076d elementor-widget elementor-widget-image\" data-id=\"f56076d\" data-element_type=\"widget\" data-e-type=\"widget\" data-widget_type=\"image.default\">\n\t\t\t\t<div class=\"elementor-widget-container\">\n\t\t\t\t\t\t\t\t\t\t\t\t\t\t\t<img decoding=\"async\" width=\"650\" height=\"650\" src=\"https:\/\/happydaystress.com\/wp-content\/uploads\/2024\/11\/constanza2.jpg\" class=\"attachment-full size-full wp-image-1154\" alt=\"constanza cnv\" srcset=\"https:\/\/happydaystress.com\/wp-content\/uploads\/2024\/11\/constanza2.jpg 650w, https:\/\/happydaystress.com\/wp-content\/uploads\/2024\/11\/constanza2-300x300.jpg 300w, https:\/\/happydaystress.com\/wp-content\/uploads\/2024\/11\/constanza2-150x150.jpg 150w\" sizes=\"(max-width: 650px) 100vw, 650px\" \/>\t\t\t\t\t\t\t\t\t\t\t\t\t\t\t<\/div>\n\t\t\t\t<\/div>\n\t\t\t\t<div class=\"elementor-element elementor-element-e47c8a7 elementor-widget elementor-widget-heading\" data-id=\"e47c8a7\" data-element_type=\"widget\" data-e-type=\"widget\" data-widget_type=\"heading.default\">\n\t\t\t\t<div class=\"elementor-widget-container\">\n\t\t\t\t\t<h2 class=\"elementor-heading-title elementor-size-default\">Constanza Echevarria\n<\/h2>\t\t\t\t<\/div>\n\t\t\t\t<\/div>\n\t\t\t\t<div class=\"elementor-element elementor-element-92e3a30 elementor-widget elementor-widget-text-editor\" data-id=\"92e3a30\" data-element_type=\"widget\" data-e-type=\"widget\" data-widget_type=\"text-editor.default\">\n\t\t\t\t<div class=\"elementor-widget-container\">\n\t\t\t\t\t\t\t\t\t<p>Graduated as a lawyer, mother of 3, I had the honour of becoming one of the first trainers in Spain certified by the Center for NonViolent Communication (USA). I have also trained in mediation, coaching, NLP Trainer (with Robert Dilts) and I have a Master degree in Self-Esteem and Change (AEPNL). I\u2019ve been giving nonviolent communication workshops since 2011. Being able to connect with others, allow myself to be authentic, build trust and contributing to social change are some of my most important values.<\/p>\t\t\t\t\t\t\t\t<\/div>\n\t\t\t\t<\/div>\n\t\t\t\t<\/div>\n\t\t<div class=\"elementor-element elementor-element-56c8284 e-con-full e-flex e-con e-child\" data-id=\"56c8284\" data-element_type=\"container\" data-e-type=\"container\">\n\t\t\t\t<div class=\"elementor-element elementor-element-a63dd0c elementor-widget elementor-widget-image\" data-id=\"a63dd0c\" data-element_type=\"widget\" data-e-type=\"widget\" data-widget_type=\"image.default\">\n\t\t\t\t<div class=\"elementor-widget-container\">\n\t\t\t\t\t\t\t\t\t\t\t\t\t\t\t<img loading=\"lazy\" decoding=\"async\" width=\"650\" height=\"650\" src=\"https:\/\/happydaystress.com\/wp-content\/uploads\/2024\/11\/davide2.jpg\" class=\"attachment-full size-full wp-image-1153\" alt=\"davide cnv\" srcset=\"https:\/\/happydaystress.com\/wp-content\/uploads\/2024\/11\/davide2.jpg 650w, https:\/\/happydaystress.com\/wp-content\/uploads\/2024\/11\/davide2-300x300.jpg 300w, https:\/\/happydaystress.com\/wp-content\/uploads\/2024\/11\/davide2-150x150.jpg 150w\" sizes=\"(max-width: 650px) 100vw, 650px\" \/>\t\t\t\t\t\t\t\t\t\t\t\t\t\t\t<\/div>\n\t\t\t\t<\/div>\n\t\t\t\t<div class=\"elementor-element elementor-element-831ccce elementor-widget elementor-widget-heading\" data-id=\"831ccce\" data-element_type=\"widget\" data-e-type=\"widget\" data-widget_type=\"heading.default\">\n\t\t\t\t<div class=\"elementor-widget-container\">\n\t\t\t\t\t<h2 class=\"elementor-heading-title elementor-size-default\">Davide Nuzzolo\n<\/h2>\t\t\t\t<\/div>\n\t\t\t\t<\/div>\n\t\t\t\t<div class=\"elementor-element elementor-element-0cc3865 elementor-widget elementor-widget-text-editor\" data-id=\"0cc3865\" data-element_type=\"widget\" data-e-type=\"widget\" data-widget_type=\"text-editor.default\">\n\t\t\t\t<div class=\"elementor-widget-container\">\n\t\t\t\t\t\t\t\t\t<p>I graduated as a lawyer &amp; became Nonviolent Communication (NCV) certified trainer by vocation, I have also trained in facilitating conflicts in groups with Process Work and in community mediation. I have been facilitating NVC training and workshops since 2018, based on systemic and power dynamics. Today NVC is part of my daily life, of my way of being in the world and of building relationships. More info <strong><a href=\"https:\/\/www.davidenuzzolo.com\/\" target=\"_blank\" rel=\"noopener\">here<\/a>.<\/strong><\/p>\t\t\t\t\t\t\t\t<\/div>\n\t\t\t\t<\/div>\n\t\t\t\t<\/div>\n\t\t\t\t\t<\/div>\n\t\t\t\t<\/div>\n\t\t<div class=\"elementor-element elementor-element-73e17ea e-flex e-con-boxed e-con e-parent\" data-id=\"73e17ea\" data-element_type=\"container\" data-e-type=\"container\">\n\t\t\t\t\t<div class=\"e-con-inner\">\n\t\t<div class=\"elementor-element elementor-element-7702e05 e-con-full e-flex e-con e-child\" data-id=\"7702e05\" data-element_type=\"container\" data-e-type=\"container\">\n\t\t\t\t<div class=\"elementor-element elementor-element-f944fff elementor-widget elementor-widget-image\" data-id=\"f944fff\" data-element_type=\"widget\" data-e-type=\"widget\" data-widget_type=\"image.default\">\n\t\t\t\t<div class=\"elementor-widget-container\">\n\t\t\t\t\t\t\t\t\t\t\t\t\t\t\t<img loading=\"lazy\" decoding=\"async\" width=\"650\" height=\"650\" src=\"https:\/\/happydaystress.com\/wp-content\/uploads\/2024\/11\/Moshe-Mizrahi-Happy-Daystress.jpg\" class=\"attachment-full size-full wp-image-1152\" alt=\"moshe cnv\" srcset=\"https:\/\/happydaystress.com\/wp-content\/uploads\/2024\/11\/Moshe-Mizrahi-Happy-Daystress.jpg 650w, https:\/\/happydaystress.com\/wp-content\/uploads\/2024\/11\/Moshe-Mizrahi-Happy-Daystress-300x300.jpg 300w, https:\/\/happydaystress.com\/wp-content\/uploads\/2024\/11\/Moshe-Mizrahi-Happy-Daystress-150x150.jpg 150w\" sizes=\"(max-width: 650px) 100vw, 650px\" \/>\t\t\t\t\t\t\t\t\t\t\t\t\t\t\t<\/div>\n\t\t\t\t<\/div>\n\t\t\t\t<div class=\"elementor-element elementor-element-4ac7578 elementor-widget elementor-widget-heading\" data-id=\"4ac7578\" data-element_type=\"widget\" data-e-type=\"widget\" data-widget_type=\"heading.default\">\n\t\t\t\t<div class=\"elementor-widget-container\">\n\t\t\t\t\t<h2 class=\"elementor-heading-title elementor-size-default\">Moshe Mizrahi\n<\/h2>\t\t\t\t<\/div>\n\t\t\t\t<\/div>\n\t\t\t\t<div class=\"elementor-element elementor-element-12899f4 elementor-widget elementor-widget-text-editor\" data-id=\"12899f4\" data-element_type=\"widget\" data-e-type=\"widget\" data-widget_type=\"text-editor.default\">\n\t\t\t\t<div class=\"elementor-widget-container\">\n\t\t\t\t\t\t\t\t\t<p>Holder of both a business administration and a mountain guide degree, I organize activities in nature (hiking, via ferratas, canyoning, kayak\u2026). To me, nature is the perfect mean and environment for us to grow as a person, connect with the earth, bound with other people and face our limitations. Security, fun, respect for the environment and learning: these are the elements I always keep in mind when I imagine experiences I want to offer. I\u2019m also the CEO (Crazy Enthusiastic Organizer) of\u00a0<strong><a href=\"https:\/\/es.yepalo.com\/\" target=\"_blank\" rel=\"noopener\">Yepalo<\/a><\/strong>.<\/p>\t\t\t\t\t\t\t\t<\/div>\n\t\t\t\t<\/div>\n\t\t\t\t<\/div>\n\t\t<div class=\"elementor-element elementor-element-289c0ce e-con-full e-flex e-con e-child\" data-id=\"289c0ce\" data-element_type=\"container\" data-e-type=\"container\">\n\t\t\t\t<\/div>\n\t\t\t\t\t<\/div>\n\t\t\t\t<\/div>\n\t\t\t\t<\/div>","protected":false},"excerpt":{"rendered":"<p>Acompa\u00f1ando personas y equipos a relacionarse consigo y con las dem\u00e1s desde el autocuidado, el cuidado del otro y a maximizar el impacto de sus palabras Annabel Lem\u00e9tais Francesa y exdirectora global de comunicaci\u00f3n en una multinacional tecnol\u00f3gica estadounidense, ayudo a l\u00edderes a poner rumbo en su carrera, a potenciar sus habilidades de liderazgo y [&hellip;]<\/p>\n","protected":false},"author":6,"featured_media":0,"parent":0,"menu_order":0,"comment_status":"closed","ping_status":"closed","template":"","meta":{"footnotes":""},"class_list":["post-1059","page","type-page","status-publish","hentry"],"_links":{"self":[{"href":"https:\/\/happydaystress.com\/en\/wp-json\/wp\/v2\/pages\/1059","targetHints":{"allow":["GET"]}}],"collection":[{"href":"https:\/\/happydaystress.com\/en\/wp-json\/wp\/v2\/pages"}],"about":[{"href":"https:\/\/happydaystress.com\/en\/wp-json\/wp\/v2\/types\/page"}],"author":[{"embeddable":true,"href":"https:\/\/happydaystress.com\/en\/wp-json\/wp\/v2\/users\/6"}],"replies":[{"embeddable":true,"href":"https:\/\/happydaystress.com\/en\/wp-json\/wp\/v2\/comments?post=1059"}],"version-history":[{"count":42,"href":"https:\/\/happydaystress.com\/en\/wp-json\/wp\/v2\/pages\/1059\/revisions"}],"predecessor-version":[{"id":1735,"href":"https:\/\/happydaystress.com\/en\/wp-json\/wp\/v2\/pages\/1059\/revisions\/1735"}],"wp:attachment":[{"href":"https:\/\/happydaystress.com\/en\/wp-json\/wp\/v2\/media?parent=1059"}],"curies":[{"name":"wp","href":"https:\/\/api.w.org\/{rel}","templated":true}]}}