{"id":1067,"date":"2024-11-26T11:36:29","date_gmt":"2024-11-26T10:36:29","guid":{"rendered":"https:\/\/happydaystress.com\/?page_id=1067"},"modified":"2025-01-28T15:41:11","modified_gmt":"2025-01-28T14:41:11","slug":"metodo","status":"publish","type":"page","link":"https:\/\/happydaystress.com\/en\/metodo\/","title":{"rendered":"Method"},"content":{"rendered":"<div data-elementor-type=\"wp-page\" data-elementor-id=\"1067\" class=\"elementor elementor-1067\" data-elementor-post-type=\"page\">\n\t\t\t\t\t\t<section class=\"elementor-section elementor-top-section elementor-element elementor-element-ced20d2 elementor-section-content-middle elementor-section-boxed elementor-section-height-default elementor-section-height-default\" data-id=\"ced20d2\" data-element_type=\"section\" data-e-type=\"section\" data-settings=\"{&quot;background_background&quot;:&quot;classic&quot;}\">\n\t\t\t\t\t\t\t<div class=\"elementor-background-overlay\"><\/div>\n\t\t\t\t\t\t\t<div class=\"elementor-container elementor-column-gap-default\">\n\t\t\t\t\t<div class=\"elementor-column elementor-col-50 elementor-top-column elementor-element elementor-element-de6d0a8 elementor-invisible\" data-id=\"de6d0a8\" data-element_type=\"column\" data-e-type=\"column\" data-settings=\"{&quot;animation&quot;:&quot;fadeInLeft&quot;}\">\n\t\t\t<div class=\"elementor-widget-wrap\">\n\t\t\t\t\t\t\t<\/div>\n\t\t<\/div>\n\t\t\t\t<div class=\"elementor-column elementor-col-50 elementor-top-column elementor-element elementor-element-7a35f6d elementor-invisible\" data-id=\"7a35f6d\" data-element_type=\"column\" data-e-type=\"column\" data-settings=\"{&quot;animation&quot;:&quot;fadeInRight&quot;,&quot;background_background&quot;:&quot;classic&quot;}\">\n\t\t\t<div class=\"elementor-widget-wrap elementor-element-populated\">\n\t\t\t\t\t\t<div class=\"elementor-element elementor-element-b0f7342 elementor-widget elementor-widget-heading\" data-id=\"b0f7342\" data-element_type=\"widget\" data-e-type=\"widget\" data-widget_type=\"heading.default\">\n\t\t\t\t<div class=\"elementor-widget-container\">\n\t\t\t\t\t<h1 class=\"elementor-heading-title elementor-size-default\">Happy Daystress Method\n<\/h1>\t\t\t\t<\/div>\n\t\t\t\t<\/div>\n\t\t\t\t<div class=\"elementor-element elementor-element-db264e2 elementor-widget elementor-widget-text-editor\" data-id=\"db264e2\" data-element_type=\"widget\" data-e-type=\"widget\" data-widget_type=\"text-editor.default\">\n\t\t\t\t<div class=\"elementor-widget-container\">\n\t\t\t\t\t\t\t\t\t<p>The Happy Daystress\u00ae method focuses on a deep and sustainable learning.<\/p><p>We work with the rational mind (neo-cortex), emotional (limbic brain) and body (reptilian brain) for training, coaching and emotional support sessions.<\/p><p>In the team facilitation and trainings, we use games and awareness exercises, meditation and mindfulness techniques adapted to the work environment, and assertive and caring communication tools such as Nonviolent Communication.<\/p><p>For executive coaching, we use the Leadership Circle ProfileTM , a 360 evaluation tool, used by 150,000 leaders in the world and whose impact has been measured in terms of leadership effectiveness and performance.\n\nThe Creative Competencies of the tool measure how you achieve your results, bring out the best in others, lead with vision, promoting your own development. Reactive Tendencies are leadership styles that emphasize caution, self-protection, compliance, and getting results through high-control tactics.<\/p><p>We also use existential coaching, based on neurolinguistic programming, Gestalt psychology, the character according to Enneagram.<\/p><p>All our sessions also consider individual energies, personality, emotion and physical body.<\/p><p>We provide sessions at the office, online or in nature in English, Spanish or French.<\/p>\t\t\t\t\t\t\t\t<\/div>\n\t\t\t\t<\/div>\n\t\t\t\t<div class=\"elementor-element elementor-element-f73d442 elementor-widget elementor-widget-button\" data-id=\"f73d442\" data-element_type=\"widget\" data-e-type=\"widget\" data-widget_type=\"button.default\">\n\t\t\t\t<div class=\"elementor-widget-container\">\n\t\t\t\t\t\t\t\t\t<div class=\"elementor-button-wrapper\">\n\t\t\t\t\t<a class=\"elementor-button elementor-button-link elementor-size-sm\" href=\"https:\/\/happydaystress.com\/en\/contacto\/\">\n\t\t\t\t\t\t<span class=\"elementor-button-content-wrapper\">\n\t\t\t\t\t\t\t\t\t<span class=\"elementor-button-text\">I want to know more<\/span>\n\t\t\t\t\t<\/span>\n\t\t\t\t\t<\/a>\n\t\t\t\t<\/div>\n\t\t\t\t\t\t\t\t<\/div>\n\t\t\t\t<\/div>\n\t\t\t\t\t<\/div>\n\t\t<\/div>\n\t\t\t\t\t<\/div>\n\t\t<\/section>\n\t\t\t\t<\/div>","protected":false},"excerpt":{"rendered":"<p>M\u00e9todo Happy Daystress El\u00a0m\u00e9todo Happy Daystress\u00ae\u00a0se enfoca en un aprendizaje profundo y sostenible. Trabajamos con la mente racional (neo-c\u00f3rtex), emocional (cerebro l\u00edmbico) y corporal (cerebro reptiliano) tanto en las formaciones como en los acompa\u00f1amientos de coaching y de apoyo emocional. En las facilitaciones de equipo y las formaciones, usamos juegos y ejercicios de toma de [&hellip;]<\/p>\n","protected":false},"author":6,"featured_media":0,"parent":0,"menu_order":0,"comment_status":"closed","ping_status":"closed","template":"","meta":{"footnotes":""},"class_list":["post-1067","page","type-page","status-publish","hentry"],"_links":{"self":[{"href":"https:\/\/happydaystress.com\/en\/wp-json\/wp\/v2\/pages\/1067","targetHints":{"allow":["GET"]}}],"collection":[{"href":"https:\/\/happydaystress.com\/en\/wp-json\/wp\/v2\/pages"}],"about":[{"href":"https:\/\/happydaystress.com\/en\/wp-json\/wp\/v2\/types\/page"}],"author":[{"embeddable":true,"href":"https:\/\/happydaystress.com\/en\/wp-json\/wp\/v2\/users\/6"}],"replies":[{"embeddable":true,"href":"https:\/\/happydaystress.com\/en\/wp-json\/wp\/v2\/comments?post=1067"}],"version-history":[{"count":10,"href":"https:\/\/happydaystress.com\/en\/wp-json\/wp\/v2\/pages\/1067\/revisions"}],"predecessor-version":[{"id":1433,"href":"https:\/\/happydaystress.com\/en\/wp-json\/wp\/v2\/pages\/1067\/revisions\/1433"}],"wp:attachment":[{"href":"https:\/\/happydaystress.com\/en\/wp-json\/wp\/v2\/media?parent=1067"}],"curies":[{"name":"wp","href":"https:\/\/api.w.org\/{rel}","templated":true}]}}