{"id":1069,"date":"2024-11-26T11:36:48","date_gmt":"2024-11-26T10:36:48","guid":{"rendered":"https:\/\/happydaystress.com\/?page_id=1069"},"modified":"2025-01-28T07:55:56","modified_gmt":"2025-01-28T06:55:56","slug":"empresas","status":"publish","type":"page","link":"https:\/\/happydaystress.com\/en\/empresas\/","title":{"rendered":"For companies"},"content":{"rendered":"<div data-elementor-type=\"wp-page\" data-elementor-id=\"1069\" class=\"elementor elementor-1069\" data-elementor-post-type=\"page\">\n\t\t\t\t\t\t<section class=\"elementor-section elementor-top-section elementor-element elementor-element-3c6442c elementor-section-content-middle elementor-section-boxed elementor-section-height-default elementor-section-height-default\" data-id=\"3c6442c\" data-element_type=\"section\" data-e-type=\"section\" data-settings=\"{&quot;background_background&quot;:&quot;classic&quot;}\">\n\t\t\t\t\t\t\t<div class=\"elementor-background-overlay\"><\/div>\n\t\t\t\t\t\t\t<div class=\"elementor-container elementor-column-gap-default\">\n\t\t\t\t\t<div class=\"elementor-column elementor-col-50 elementor-top-column elementor-element elementor-element-80f1690 elementor-invisible\" data-id=\"80f1690\" data-element_type=\"column\" data-e-type=\"column\" data-settings=\"{&quot;animation&quot;:&quot;fadeInLeft&quot;}\">\n\t\t\t<div class=\"elementor-widget-wrap\">\n\t\t\t\t\t\t\t<\/div>\n\t\t<\/div>\n\t\t\t\t<div class=\"elementor-column elementor-col-50 elementor-top-column elementor-element elementor-element-9f7fb5f elementor-invisible\" data-id=\"9f7fb5f\" data-element_type=\"column\" data-e-type=\"column\" data-settings=\"{&quot;animation&quot;:&quot;fadeInRight&quot;,&quot;background_background&quot;:&quot;classic&quot;}\">\n\t\t\t<div class=\"elementor-widget-wrap elementor-element-populated\">\n\t\t\t\t\t\t<div class=\"elementor-element elementor-element-e1e47e8 elementor-widget elementor-widget-heading\" data-id=\"e1e47e8\" data-element_type=\"widget\" data-e-type=\"widget\" data-widget_type=\"heading.default\">\n\t\t\t\t<div class=\"elementor-widget-container\">\n\t\t\t\t\t<h1 class=\"elementor-heading-title elementor-size-default\">Executive coaching, team facilitation, and training\n<\/h1>\t\t\t\t<\/div>\n\t\t\t\t<\/div>\n\t\t\t\t<div class=\"elementor-element elementor-element-ec86292 elementor-widget elementor-widget-text-editor\" data-id=\"ec86292\" data-element_type=\"widget\" data-e-type=\"widget\" data-widget_type=\"text-editor.default\">\n\t\t\t\t<div class=\"elementor-widget-container\">\n\t\t\t\t\t\t\t\t\t<p><strong>Support for leaders and teams:<\/strong><\/p><ul><li>Stress management, assertive and empathic leadership<\/li><li>Assertive and caring communication skills<\/li><li>Stress Management<\/li><li>Conflict management<\/li><li>Give Feedback<\/li><li>Improve team relationships and trust\u00a0<\/li><\/ul><p>\u00a0<\/p><p>To foster leadership skills, team communication, clarity and effectiveness, self-care, change management and happiness in working relationships.<\/p><p>On-site, online or in nature.<\/p><p><strong>Executive Coaching<\/strong><\/p><p>With the Leadership Circle ProfileTM tool, which provides a 360\u00ba profile with a wide range of competencies that are highly contrasted with underlying thinking habits, and which enables you to drive transformational and sustainable change.<\/p>\t\t\t\t\t\t\t\t<\/div>\n\t\t\t\t<\/div>\n\t\t\t\t<div class=\"elementor-element elementor-element-2792d7f elementor-widget elementor-widget-heading\" data-id=\"2792d7f\" data-element_type=\"widget\" data-e-type=\"widget\" data-widget_type=\"heading.default\">\n\t\t\t\t<div class=\"elementor-widget-container\">\n\t\t\t\t\t<h2 class=\"elementor-heading-title elementor-size-default\">Multiple benefits:<\/h2>\t\t\t\t<\/div>\n\t\t\t\t<\/div>\n\t\t\t\t<div class=\"elementor-element elementor-element-6486960 elementor-widget elementor-widget-text-editor\" data-id=\"6486960\" data-element_type=\"widget\" data-e-type=\"widget\" data-widget_type=\"text-editor.default\">\n\t\t\t\t<div class=\"elementor-widget-container\">\n\t\t\t\t\t\t\t\t\t<ul><li>Strenghtening leadership skills<\/li><li>Turning down the volume on stress<\/li><li>Fostering efficiency<\/li><li>Bringing more mental clarity<\/li><li>Communicating under pressure while taking the other person into account<\/li><li>Promoting authenticity<\/li><li>Improving interpersonal relations<\/li><li>Establishing a balanced and healthy work environment<\/li><li>Creating sustainable wellness habits<\/li><\/ul>\t\t\t\t\t\t\t\t<\/div>\n\t\t\t\t<\/div>\n\t\t\t\t<div class=\"elementor-element elementor-element-e9065bc elementor-widget elementor-widget-button\" data-id=\"e9065bc\" data-element_type=\"widget\" data-e-type=\"widget\" data-widget_type=\"button.default\">\n\t\t\t\t<div class=\"elementor-widget-container\">\n\t\t\t\t\t\t\t\t\t<div class=\"elementor-button-wrapper\">\n\t\t\t\t\t<a class=\"elementor-button elementor-button-link elementor-size-sm\" href=\"https:\/\/happydaystress.com\/en\/contacto\/\">\n\t\t\t\t\t\t<span class=\"elementor-button-content-wrapper\">\n\t\t\t\t\t\t\t\t\t<span class=\"elementor-button-text\">I want to know more<\/span>\n\t\t\t\t\t<\/span>\n\t\t\t\t\t<\/a>\n\t\t\t\t<\/div>\n\t\t\t\t\t\t\t\t<\/div>\n\t\t\t\t<\/div>\n\t\t\t\t\t<\/div>\n\t\t<\/div>\n\t\t\t\t\t<\/div>\n\t\t<\/section>\n\t\t<div class=\"elementor-element elementor-element-dbaeba3 e-con-full e-flex e-con e-parent\" data-id=\"dbaeba3\" data-element_type=\"container\" data-e-type=\"container\">\n\t\t\t\t<div class=\"elementor-element elementor-element-bd12f98 elementor-widget elementor-widget-gallery\" data-id=\"bd12f98\" data-element_type=\"widget\" data-e-type=\"widget\" data-settings=\"{&quot;columns&quot;:3,&quot;columns_tablet&quot;:3,&quot;gap&quot;:{&quot;unit&quot;:&quot;px&quot;,&quot;size&quot;:0,&quot;sizes&quot;:[]},&quot;gap_tablet&quot;:{&quot;unit&quot;:&quot;px&quot;,&quot;size&quot;:0,&quot;sizes&quot;:[]},&quot;gap_mobile&quot;:{&quot;unit&quot;:&quot;px&quot;,&quot;size&quot;:0,&quot;sizes&quot;:[]},&quot;lazyload&quot;:&quot;yes&quot;,&quot;gallery_layout&quot;:&quot;grid&quot;,&quot;columns_mobile&quot;:1,&quot;aspect_ratio&quot;:&quot;3:2&quot;,&quot;overlay_background&quot;:&quot;yes&quot;,&quot;content_hover_animation&quot;:&quot;fade-in&quot;}\" data-widget_type=\"gallery.default\">\n\t\t\t\t<div class=\"elementor-widget-container\">\n\t\t\t\t\t\t\t<div class=\"elementor-gallery__container\">\n\t\t\t\t\t\t\t<div class=\"e-gallery-item elementor-gallery-item elementor-animated-content\">\n\t\t\t\t\t<div class=\"e-gallery-image elementor-gallery-item__image\" data-thumbnail=\"https:\/\/happydaystress.com\/wp-content\/uploads\/2024\/11\/Coaching-equipo.jpg\" data-width=\"1000\" data-height=\"657\" aria-label=\"coaching equipo cnv\" role=\"img\" ><\/div>\n\t\t\t\t\t\t\t\t\t\t\t<div class=\"elementor-gallery-item__overlay\"><\/div>\n\t\t\t\t\t\t\t\t\t\t\t\t\t\t<\/div>\n\t\t\t\t\t\t\t<div class=\"e-gallery-item elementor-gallery-item elementor-animated-content\">\n\t\t\t\t\t<div class=\"e-gallery-image elementor-gallery-item__image\" data-thumbnail=\"https:\/\/happydaystress.com\/wp-content\/uploads\/2024\/11\/taller-escucha-en-hospital.jpg\" data-width=\"1000\" data-height=\"751\" aria-label=\"taller escucha cnv\" role=\"img\" ><\/div>\n\t\t\t\t\t\t\t\t\t\t\t<div class=\"elementor-gallery-item__overlay\"><\/div>\n\t\t\t\t\t\t\t\t\t\t\t\t\t\t<\/div>\n\t\t\t\t\t\t\t<div class=\"e-gallery-item elementor-gallery-item elementor-animated-content\">\n\t\t\t\t\t<div class=\"e-gallery-image elementor-gallery-item__image\" data-thumbnail=\"https:\/\/happydaystress.com\/wp-content\/uploads\/2024\/11\/formacion-CNV-equipo.jpg\" data-width=\"600\" data-height=\"772\" aria-label=\"El coaching para l\u00edderes y la creaci\u00f3n de una cultura de bienestar\" role=\"img\" ><\/div>\n\t\t\t\t\t\t\t\t\t\t\t<div class=\"elementor-gallery-item__overlay\"><\/div>\n\t\t\t\t\t\t\t\t\t\t\t\t\t\t<\/div>\n\t\t\t\t\t<\/div>\n\t\t\t\t\t<\/div>\n\t\t\t\t<\/div>\n\t\t\t\t<\/div>\n\t\t\t\t<\/div>","protected":false},"excerpt":{"rendered":"<p>Coaching ejecutivo, facilitaci\u00f3n de equipos y formaci\u00f3n: Acompa\u00f1amiento de l\u00edderes y equipos: Liderazgo asertivo y emp\u00e1tico Comunicaci\u00f3n asertiva y cuidadosa Gesti\u00f3n del estr\u00e9s Gesti\u00f3n del conflicto Dar feedback Reforzar v\u00ednculos y mejorar la confianza\u00a0 \u00a0 Para potenciar las habilidades de liderazgo, fomentar la comunicaci\u00f3n en los equipos, la claridad y efectividad, la gesti\u00f3n del cambio, [&hellip;]<\/p>\n","protected":false},"author":6,"featured_media":0,"parent":0,"menu_order":0,"comment_status":"closed","ping_status":"closed","template":"","meta":{"footnotes":""},"class_list":["post-1069","page","type-page","status-publish","hentry"],"_links":{"self":[{"href":"https:\/\/happydaystress.com\/en\/wp-json\/wp\/v2\/pages\/1069","targetHints":{"allow":["GET"]}}],"collection":[{"href":"https:\/\/happydaystress.com\/en\/wp-json\/wp\/v2\/pages"}],"about":[{"href":"https:\/\/happydaystress.com\/en\/wp-json\/wp\/v2\/types\/page"}],"author":[{"embeddable":true,"href":"https:\/\/happydaystress.com\/en\/wp-json\/wp\/v2\/users\/6"}],"replies":[{"embeddable":true,"href":"https:\/\/happydaystress.com\/en\/wp-json\/wp\/v2\/comments?post=1069"}],"version-history":[{"count":19,"href":"https:\/\/happydaystress.com\/en\/wp-json\/wp\/v2\/pages\/1069\/revisions"}],"predecessor-version":[{"id":1427,"href":"https:\/\/happydaystress.com\/en\/wp-json\/wp\/v2\/pages\/1069\/revisions\/1427"}],"wp:attachment":[{"href":"https:\/\/happydaystress.com\/en\/wp-json\/wp\/v2\/media?parent=1069"}],"curies":[{"name":"wp","href":"https:\/\/api.w.org\/{rel}","templated":true}]}}