{"id":1059,"date":"2024-11-26T11:31:53","date_gmt":"2024-11-26T10:31:53","guid":{"rendered":"https:\/\/happydaystress.com\/?page_id=1059"},"modified":"2026-04-10T08:47:52","modified_gmt":"2026-04-10T06:47:52","slug":"quienes-somos","status":"publish","type":"page","link":"https:\/\/happydaystress.com\/fr\/quienes-somos\/","title":{"rendered":"Sobre m\u00ed &amp; colaboradores"},"content":{"rendered":"<div data-elementor-type=\"wp-page\" data-elementor-id=\"1059\" class=\"elementor elementor-1059\" data-elementor-post-type=\"page\">\n\t\t\t\t<div class=\"elementor-element elementor-element-f657ef1 e-flex e-con-boxed e-con e-parent\" data-id=\"f657ef1\" data-element_type=\"container\" data-e-type=\"container\" data-settings=\"{&quot;background_background&quot;:&quot;classic&quot;}\">\n\t\t\t\t\t<div class=\"e-con-inner\">\n\t\t\t\t<div class=\"elementor-element elementor-element-037c05c elementor-widget elementor-widget-heading\" data-id=\"037c05c\" data-element_type=\"widget\" data-e-type=\"widget\" data-widget_type=\"heading.default\">\n\t\t\t\t<div class=\"elementor-widget-container\">\n\t\t\t\t\t<h1 class=\"elementor-heading-title elementor-size-default\">Nous accompagnons les personnes et les \u00e9quipes \u00e0 cultiver une relation harmonieuse avec elles-m\u00eames et avec les autres, en prenant soin de soi, en prenant soin des autres, et en maximisant l\u2019impact de leurs mots.<\/h1>\t\t\t\t<\/div>\n\t\t\t\t<\/div>\n\t\t\t\t\t<\/div>\n\t\t\t\t<\/div>\n\t\t<div class=\"elementor-element elementor-element-5fd4adf e-flex e-con-boxed e-con e-parent\" data-id=\"5fd4adf\" data-element_type=\"container\" data-e-type=\"container\">\n\t\t\t\t\t<div class=\"e-con-inner\">\n\t\t<div class=\"elementor-element elementor-element-8b1be14 e-con-full e-flex e-con e-child\" data-id=\"8b1be14\" data-element_type=\"container\" data-e-type=\"container\">\n\t\t\t\t<div class=\"elementor-element elementor-element-00a5c02 elementor-widget elementor-widget-image\" data-id=\"00a5c02\" data-element_type=\"widget\" data-e-type=\"widget\" data-widget_type=\"image.default\">\n\t\t\t\t<div class=\"elementor-widget-container\">\n\t\t\t\t\t\t\t\t\t\t\t\t\t\t\t<img fetchpriority=\"high\" decoding=\"async\" width=\"650\" height=\"650\" src=\"https:\/\/happydaystress.com\/wp-content\/uploads\/2024\/11\/annabel2.jpg\" class=\"attachment-full size-full wp-image-1150\" alt=\"anabel cnv\" srcset=\"https:\/\/happydaystress.com\/wp-content\/uploads\/2024\/11\/annabel2.jpg 650w, https:\/\/happydaystress.com\/wp-content\/uploads\/2024\/11\/annabel2-300x300.jpg 300w, https:\/\/happydaystress.com\/wp-content\/uploads\/2024\/11\/annabel2-150x150.jpg 150w\" sizes=\"(max-width: 650px) 100vw, 650px\" \/>\t\t\t\t\t\t\t\t\t\t\t\t\t\t\t<\/div>\n\t\t\t\t<\/div>\n\t\t\t\t<div class=\"elementor-element elementor-element-06f28bc elementor-widget elementor-widget-heading\" data-id=\"06f28bc\" data-element_type=\"widget\" data-e-type=\"widget\" data-widget_type=\"heading.default\">\n\t\t\t\t<div class=\"elementor-widget-container\">\n\t\t\t\t\t<h2 class=\"elementor-heading-title elementor-size-default\">Annabel Lem\u00e9tais\n<\/h2>\t\t\t\t<\/div>\n\t\t\t\t<\/div>\n\t\t\t\t<div class=\"elementor-element elementor-element-7d52235 elementor-widget elementor-widget-text-editor\" data-id=\"7d52235\" data-element_type=\"widget\" data-e-type=\"widget\" data-widget_type=\"text-editor.default\">\n\t\t\t\t<div class=\"elementor-widget-container\">\n\t\t\t\t\t\t\t\t\t<p>Fran\u00e7aise et ancienne Directrice Globale de la Communication dans une multinationale technologique am\u00e9ricaine, j\u2019accompagne les leaders et leurs \u00e9quipes \u00e0 progresser dans leur carri\u00e8re, \u00e0 d\u00e9velopper leurs comp\u00e9tences en leadership et communication, \u00e0 g\u00e9rer le stress de mani\u00e8re efficace et \u00e0 instaurer la confiance au sein des organisations. Je facilite les relations dans les \u00e9quipes. Je suis coach certifi\u00e9e (programme certifi\u00e9 ICF), certifi\u00e9e en Leadership Circle Profile\u2122 <em>Leadership Circle Profile\u2122<\/em>, Facilitadora Sist\u00e9mica certificada y Formadora Certificada en Comunicaci\u00f3n NoViolenta. Adem\u00e1s, por pasi\u00f3n, me he certificado como profesora de yoga y meditaci\u00f3n. Soy tambi\u00e9n Business Partner de <strong><a href=\"https:\/\/conekta.org\/\" target=\"_blank\" rel=\"noopener\">Conekta<\/a><\/strong>.<\/p>\t\t\t\t\t\t\t\t<\/div>\n\t\t\t\t<\/div>\n\t\t\t\t<\/div>\n\t\t<div class=\"elementor-element elementor-element-2092f96 e-con-full e-flex e-con e-child\" data-id=\"2092f96\" data-element_type=\"container\" data-e-type=\"container\">\n\t\t\t\t<div class=\"elementor-element elementor-element-ddb23a6 elementor-widget elementor-widget-image\" data-id=\"ddb23a6\" data-element_type=\"widget\" data-e-type=\"widget\" data-widget_type=\"image.default\">\n\t\t\t\t<div class=\"elementor-widget-container\">\n\t\t\t\t\t\t\t\t\t\t\t\t\t\t\t<img decoding=\"async\" width=\"768\" height=\"768\" src=\"https:\/\/happydaystress.com\/wp-content\/uploads\/2024\/11\/Pedro-Rubio.jpg\" class=\"attachment-full size-full wp-image-1155\" alt=\"pedro rubio cnv\" srcset=\"https:\/\/happydaystress.com\/wp-content\/uploads\/2024\/11\/Pedro-Rubio.jpg 768w, https:\/\/happydaystress.com\/wp-content\/uploads\/2024\/11\/Pedro-Rubio-300x300.jpg 300w, https:\/\/happydaystress.com\/wp-content\/uploads\/2024\/11\/Pedro-Rubio-150x150.jpg 150w\" sizes=\"(max-width: 768px) 100vw, 768px\" \/>\t\t\t\t\t\t\t\t\t\t\t\t\t\t\t<\/div>\n\t\t\t\t<\/div>\n\t\t\t\t<div class=\"elementor-element elementor-element-57a4515 elementor-widget elementor-widget-heading\" data-id=\"57a4515\" data-element_type=\"widget\" data-e-type=\"widget\" data-widget_type=\"heading.default\">\n\t\t\t\t<div class=\"elementor-widget-container\">\n\t\t\t\t\t<h2 class=\"elementor-heading-title elementor-size-default\">Pedro Rubio\n<\/h2>\t\t\t\t<\/div>\n\t\t\t\t<\/div>\n\t\t\t\t<div class=\"elementor-element elementor-element-d105343 elementor-widget elementor-widget-text-editor\" data-id=\"d105343\" data-element_type=\"widget\" data-e-type=\"widget\" data-widget_type=\"text-editor.default\">\n\t\t\t\t<div class=\"elementor-widget-container\">\n\t\t\t\t\t\t\t\t\t<p>J\u2019ai pass\u00e9 la majeure partie de ma carri\u00e8re professionnelle en Direction et D\u00e9veloppement des Ressources Humaines dans des entreprises du secteur public et priv\u00e9. En 2007, j\u2019ai cr\u00e9\u00e9 ma propre entreprise, Accendo, pour contribuer \u00e0 d\u00e9velopper des personnes, des \u00e9quipes et des organisations \u00e0 travers l\u2019apprentissage exp\u00e9rientiel et le coaching. Je me sp\u00e9cialise dans la communication et les relations, le leadership, la gestion du changement et cultiver la confiance. Je suis certifi\u00e9 en The Leadership Circle, en Team Diagnostic Assessment , en Inner Game et je pratique la Communication nonviolente depuis 2011. je suis \u00e9galement co-fondateur de Conekta.<\/p>\t\t\t\t\t\t\t\t<\/div>\n\t\t\t\t<\/div>\n\t\t\t\t<\/div>\n\t\t\t\t\t<\/div>\n\t\t\t\t<\/div>\n\t\t<div class=\"elementor-element elementor-element-b71be94 e-flex e-con-boxed e-con e-parent\" data-id=\"b71be94\" data-element_type=\"container\" data-e-type=\"container\">\n\t\t\t\t\t<div class=\"e-con-inner\">\n\t\t<div class=\"elementor-element elementor-element-2b5f0cb e-con-full e-flex e-con e-child\" data-id=\"2b5f0cb\" data-element_type=\"container\" data-e-type=\"container\">\n\t\t\t\t<div class=\"elementor-element elementor-element-f56076d elementor-widget elementor-widget-image\" data-id=\"f56076d\" data-element_type=\"widget\" data-e-type=\"widget\" data-widget_type=\"image.default\">\n\t\t\t\t<div class=\"elementor-widget-container\">\n\t\t\t\t\t\t\t\t\t\t\t\t\t\t\t<img decoding=\"async\" width=\"650\" height=\"650\" src=\"https:\/\/happydaystress.com\/wp-content\/uploads\/2024\/11\/constanza2.jpg\" class=\"attachment-full size-full wp-image-1154\" alt=\"constanza cnv\" srcset=\"https:\/\/happydaystress.com\/wp-content\/uploads\/2024\/11\/constanza2.jpg 650w, https:\/\/happydaystress.com\/wp-content\/uploads\/2024\/11\/constanza2-300x300.jpg 300w, https:\/\/happydaystress.com\/wp-content\/uploads\/2024\/11\/constanza2-150x150.jpg 150w\" sizes=\"(max-width: 650px) 100vw, 650px\" \/>\t\t\t\t\t\t\t\t\t\t\t\t\t\t\t<\/div>\n\t\t\t\t<\/div>\n\t\t\t\t<div class=\"elementor-element elementor-element-e47c8a7 elementor-widget elementor-widget-heading\" data-id=\"e47c8a7\" data-element_type=\"widget\" data-e-type=\"widget\" data-widget_type=\"heading.default\">\n\t\t\t\t<div class=\"elementor-widget-container\">\n\t\t\t\t\t<h2 class=\"elementor-heading-title elementor-size-default\">Constanza Echevarria\n<\/h2>\t\t\t\t<\/div>\n\t\t\t\t<\/div>\n\t\t\t\t<div class=\"elementor-element elementor-element-92e3a30 elementor-widget elementor-widget-text-editor\" data-id=\"92e3a30\" data-element_type=\"widget\" data-e-type=\"widget\" data-widget_type=\"text-editor.default\">\n\t\t\t\t<div class=\"elementor-widget-container\">\n\t\t\t\t\t\t\t\t\t<p>Avocate de formation et m\u00e8re de 3 enfants, j\u2019ai eu l\u2019honneur d\u2019\u00eatre parmi les premi\u00e8res formatrices en Espagne certifi\u00e9es par le Center for NonViolent Communication (USA). Je me suis \u00e9galement form\u00e9e en m\u00e9diation, coaching, PNL Trainer (avec Robert Dilts) et j\u2019ai un Master en estime de soi et changement (Association Espagnole de PNL). Je facilite des ateliers de communication nonviolente depuis 2011. Pouvoir cr\u00e9er des liens avec les autres, m\u2019autoriser \u00e0 \u00eatre authentique, cr\u00e9er de la confiance et contribuer au changement social font partie des valeurs les plus importantes pour moi.<\/p>\t\t\t\t\t\t\t\t<\/div>\n\t\t\t\t<\/div>\n\t\t\t\t<\/div>\n\t\t<div class=\"elementor-element elementor-element-56c8284 e-con-full e-flex e-con e-child\" data-id=\"56c8284\" data-element_type=\"container\" data-e-type=\"container\">\n\t\t\t\t<div class=\"elementor-element elementor-element-a63dd0c elementor-widget elementor-widget-image\" data-id=\"a63dd0c\" data-element_type=\"widget\" data-e-type=\"widget\" data-widget_type=\"image.default\">\n\t\t\t\t<div class=\"elementor-widget-container\">\n\t\t\t\t\t\t\t\t\t\t\t\t\t\t\t<img loading=\"lazy\" decoding=\"async\" width=\"650\" height=\"650\" src=\"https:\/\/happydaystress.com\/wp-content\/uploads\/2024\/11\/davide2.jpg\" class=\"attachment-full size-full wp-image-1153\" alt=\"davide cnv\" srcset=\"https:\/\/happydaystress.com\/wp-content\/uploads\/2024\/11\/davide2.jpg 650w, https:\/\/happydaystress.com\/wp-content\/uploads\/2024\/11\/davide2-300x300.jpg 300w, https:\/\/happydaystress.com\/wp-content\/uploads\/2024\/11\/davide2-150x150.jpg 150w\" sizes=\"(max-width: 650px) 100vw, 650px\" \/>\t\t\t\t\t\t\t\t\t\t\t\t\t\t\t<\/div>\n\t\t\t\t<\/div>\n\t\t\t\t<div class=\"elementor-element elementor-element-831ccce elementor-widget elementor-widget-heading\" data-id=\"831ccce\" data-element_type=\"widget\" data-e-type=\"widget\" data-widget_type=\"heading.default\">\n\t\t\t\t<div class=\"elementor-widget-container\">\n\t\t\t\t\t<h2 class=\"elementor-heading-title elementor-size-default\">Davide Nuzzolo\n<\/h2>\t\t\t\t<\/div>\n\t\t\t\t<\/div>\n\t\t\t\t<div class=\"elementor-element elementor-element-0cc3865 elementor-widget elementor-widget-text-editor\" data-id=\"0cc3865\" data-element_type=\"widget\" data-e-type=\"widget\" data-widget_type=\"text-editor.default\">\n\t\t\t\t<div class=\"elementor-widget-container\">\n\t\t\t\t\t\t\t\t\t<p>Avocat de formation, formateur certifi\u00e9 en Communication Nonviolente (CNV) par vocation, je me suis \u00e9galement form\u00e9 en facilitation de conflits dans les groupes avec Process Work et en m\u00e9diation communautaire. Depuis 2018, je donne des formations et facilite des ateliers de CNV influenc\u00e9s par les aspects syst\u00e9miques et les dynamiques de pouvoir. Aujourd\u2019hui la CNV fait partie de ma vie quotidienne, de ma fa\u00e7on d\u2019\u00eatre dans le monde et de ma fa\u00e7on de construire les relations. Plus d' informations <strong><a href=\"https:\/\/www.davidenuzzolo.com\/\" target=\"_blank\" rel=\"noopener\">ici<\/a>.<\/strong><\/p>\t\t\t\t\t\t\t\t<\/div>\n\t\t\t\t<\/div>\n\t\t\t\t<\/div>\n\t\t\t\t\t<\/div>\n\t\t\t\t<\/div>\n\t\t<div class=\"elementor-element elementor-element-73e17ea e-flex e-con-boxed e-con e-parent\" data-id=\"73e17ea\" data-element_type=\"container\" data-e-type=\"container\">\n\t\t\t\t\t<div class=\"e-con-inner\">\n\t\t<div class=\"elementor-element elementor-element-7702e05 e-con-full e-flex e-con e-child\" data-id=\"7702e05\" data-element_type=\"container\" data-e-type=\"container\">\n\t\t\t\t<div class=\"elementor-element elementor-element-f944fff elementor-widget elementor-widget-image\" data-id=\"f944fff\" data-element_type=\"widget\" data-e-type=\"widget\" data-widget_type=\"image.default\">\n\t\t\t\t<div class=\"elementor-widget-container\">\n\t\t\t\t\t\t\t\t\t\t\t\t\t\t\t<img loading=\"lazy\" decoding=\"async\" width=\"650\" height=\"650\" src=\"https:\/\/happydaystress.com\/wp-content\/uploads\/2024\/11\/Moshe-Mizrahi-Happy-Daystress.jpg\" class=\"attachment-full size-full wp-image-1152\" alt=\"moshe cnv\" srcset=\"https:\/\/happydaystress.com\/wp-content\/uploads\/2024\/11\/Moshe-Mizrahi-Happy-Daystress.jpg 650w, https:\/\/happydaystress.com\/wp-content\/uploads\/2024\/11\/Moshe-Mizrahi-Happy-Daystress-300x300.jpg 300w, https:\/\/happydaystress.com\/wp-content\/uploads\/2024\/11\/Moshe-Mizrahi-Happy-Daystress-150x150.jpg 150w\" sizes=\"(max-width: 650px) 100vw, 650px\" \/>\t\t\t\t\t\t\t\t\t\t\t\t\t\t\t<\/div>\n\t\t\t\t<\/div>\n\t\t\t\t<div class=\"elementor-element elementor-element-4ac7578 elementor-widget elementor-widget-heading\" data-id=\"4ac7578\" data-element_type=\"widget\" data-e-type=\"widget\" data-widget_type=\"heading.default\">\n\t\t\t\t<div class=\"elementor-widget-container\">\n\t\t\t\t\t<h2 class=\"elementor-heading-title elementor-size-default\">Moshe Mizrahi\n<\/h2>\t\t\t\t<\/div>\n\t\t\t\t<\/div>\n\t\t\t\t<div class=\"elementor-element elementor-element-12899f4 elementor-widget elementor-widget-text-editor\" data-id=\"12899f4\" data-element_type=\"widget\" data-e-type=\"widget\" data-widget_type=\"text-editor.default\">\n\t\t\t\t<div class=\"elementor-widget-container\">\n\t\t\t\t\t\t\t\t\t<p>Dipl\u00f4m\u00e9 en management et guide de moyenne montagne, j\u2019organise des sorties dans la nature (randonn\u00e9es, v\u00edas ferratas, canyoning, kayak\u2026). Pour moi, la nature est le moyen et l\u2019environnement id\u00e9al pour favoriser notre d\u00e9veloppement personnel, rentrer en connexion avec la terre, cr\u00e9er des liens avec les autres et conna\u00eetre nos limites. S\u00e9curit\u00e9, divertissement, respect de l\u2019environnement et apprentissage sont les ingr\u00e9dients que je prends toujours en compte lorsque j\u2019imagine les exp\u00e9riences \u00e0 proposer. je suis \u00e9galement CEO (Crazy Enthusiastic Organizer) de\u00a0<strong><a href=\"https:\/\/es.yepalo.com\/\" target=\"_blank\" rel=\"noopener\">Yepalo<\/a><\/strong>.<\/p>\t\t\t\t\t\t\t\t<\/div>\n\t\t\t\t<\/div>\n\t\t\t\t<\/div>\n\t\t<div class=\"elementor-element elementor-element-289c0ce e-con-full e-flex e-con e-child\" data-id=\"289c0ce\" data-element_type=\"container\" data-e-type=\"container\">\n\t\t\t\t<\/div>\n\t\t\t\t\t<\/div>\n\t\t\t\t<\/div>\n\t\t\t\t<\/div>","protected":false},"excerpt":{"rendered":"<p>Acompa\u00f1ando personas y equipos a relacionarse consigo y con las dem\u00e1s desde el autocuidado, el cuidado del otro y a maximizar el impacto de sus palabras Annabel Lem\u00e9tais Francesa y exdirectora global de comunicaci\u00f3n en una multinacional tecnol\u00f3gica estadounidense, ayudo a l\u00edderes a poner rumbo en su carrera, a potenciar sus habilidades de liderazgo y [&hellip;]<\/p>\n","protected":false},"author":6,"featured_media":0,"parent":0,"menu_order":0,"comment_status":"closed","ping_status":"closed","template":"","meta":{"footnotes":""},"class_list":["post-1059","page","type-page","status-publish","hentry"],"_links":{"self":[{"href":"https:\/\/happydaystress.com\/fr\/wp-json\/wp\/v2\/pages\/1059","targetHints":{"allow":["GET"]}}],"collection":[{"href":"https:\/\/happydaystress.com\/fr\/wp-json\/wp\/v2\/pages"}],"about":[{"href":"https:\/\/happydaystress.com\/fr\/wp-json\/wp\/v2\/types\/page"}],"author":[{"embeddable":true,"href":"https:\/\/happydaystress.com\/fr\/wp-json\/wp\/v2\/users\/6"}],"replies":[{"embeddable":true,"href":"https:\/\/happydaystress.com\/fr\/wp-json\/wp\/v2\/comments?post=1059"}],"version-history":[{"count":42,"href":"https:\/\/happydaystress.com\/fr\/wp-json\/wp\/v2\/pages\/1059\/revisions"}],"predecessor-version":[{"id":1735,"href":"https:\/\/happydaystress.com\/fr\/wp-json\/wp\/v2\/pages\/1059\/revisions\/1735"}],"wp:attachment":[{"href":"https:\/\/happydaystress.com\/fr\/wp-json\/wp\/v2\/media?parent=1059"}],"curies":[{"name":"wp","href":"https:\/\/api.w.org\/{rel}","templated":true}]}}