{"id":1067,"date":"2024-11-26T11:36:29","date_gmt":"2024-11-26T10:36:29","guid":{"rendered":"https:\/\/happydaystress.com\/?page_id=1067"},"modified":"2025-01-28T15:41:11","modified_gmt":"2025-01-28T14:41:11","slug":"metodo","status":"publish","type":"page","link":"https:\/\/happydaystress.com\/fr\/metodo\/","title":{"rendered":"M\u00e9thode"},"content":{"rendered":"<div data-elementor-type=\"wp-page\" data-elementor-id=\"1067\" class=\"elementor elementor-1067\" data-elementor-post-type=\"page\">\n\t\t\t\t\t\t<section class=\"elementor-section elementor-top-section elementor-element elementor-element-ced20d2 elementor-section-content-middle elementor-section-boxed elementor-section-height-default elementor-section-height-default\" data-id=\"ced20d2\" data-element_type=\"section\" data-e-type=\"section\" data-settings=\"{&quot;background_background&quot;:&quot;classic&quot;}\">\n\t\t\t\t\t\t\t<div class=\"elementor-background-overlay\"><\/div>\n\t\t\t\t\t\t\t<div class=\"elementor-container elementor-column-gap-default\">\n\t\t\t\t\t<div class=\"elementor-column elementor-col-50 elementor-top-column elementor-element elementor-element-de6d0a8 elementor-invisible\" data-id=\"de6d0a8\" data-element_type=\"column\" data-e-type=\"column\" data-settings=\"{&quot;animation&quot;:&quot;fadeInLeft&quot;}\">\n\t\t\t<div class=\"elementor-widget-wrap\">\n\t\t\t\t\t\t\t<\/div>\n\t\t<\/div>\n\t\t\t\t<div class=\"elementor-column elementor-col-50 elementor-top-column elementor-element elementor-element-7a35f6d elementor-invisible\" data-id=\"7a35f6d\" data-element_type=\"column\" data-e-type=\"column\" data-settings=\"{&quot;animation&quot;:&quot;fadeInRight&quot;,&quot;background_background&quot;:&quot;classic&quot;}\">\n\t\t\t<div class=\"elementor-widget-wrap elementor-element-populated\">\n\t\t\t\t\t\t<div class=\"elementor-element elementor-element-b0f7342 elementor-widget elementor-widget-heading\" data-id=\"b0f7342\" data-element_type=\"widget\" data-e-type=\"widget\" data-widget_type=\"heading.default\">\n\t\t\t\t<div class=\"elementor-widget-container\">\n\t\t\t\t\t<h1 class=\"elementor-heading-title elementor-size-default\">M\u00e9thode Happy Daystress\n<\/h1>\t\t\t\t<\/div>\n\t\t\t\t<\/div>\n\t\t\t\t<div class=\"elementor-element elementor-element-db264e2 elementor-widget elementor-widget-text-editor\" data-id=\"db264e2\" data-element_type=\"widget\" data-e-type=\"widget\" data-widget_type=\"text-editor.default\">\n\t\t\t\t<div class=\"elementor-widget-container\">\n\t\t\t\t\t\t\t\t\t<p>La m\u00e9thode Happy Daystress\u00ae mise sur un apprentissage profond et durable.<\/p><p>Nos formations, s\u00e9ances de coaching et de soutien \u00e9motionnel font appel \u00e0 notre esprit rationnel (n\u00e9o-cortex), \u00e9motionnel (cerveau limbique) et corporel (cerveau reptilien).<\/p><p>Pour les facilitations et formations des \u00e9quipes, nous utilisons des jeux et des exercices de sensibilisation, des techniques de m\u00e9ditation de pleine conscience applicables en entreprise, et des outils de communication assertifs et bienveillants tels que la Communication NonViolente.<\/p><p>Dans le cadre d\u2019un coaching ex\u00e9cutif, nous utilisons le Leadership Circle ProfileTM, outil d\u2019\u00e9valuation 360, utilis\u00e9 par 150 000 leaders dans le monde et dont l\u2019impact a \u00e9t\u00e9 mesur\u00e9 en termes d\u2019efficacit\u00e9 et de performance du leadership.<\/p><p>Les comp\u00e9tences cr\u00e9atives de l\u2019outil mesurent vos r\u00e9sultats, faites ressortir le meilleur chez les autres, dirigez avec vision, favorisez votre propre d\u00e9veloppement. Les tendances r\u00e9actives sont des styles de leadership qui mettent l\u2019accent sur la prudence, l\u2019autoprotection, la conformit\u00e9 et l\u2019obtention de r\u00e9sultats gr\u00e2ce \u00e0 des tactiques de contr\u00f4le \u00e9lev\u00e9es.<\/p><p>Nous utilisons \u00e9galement le coaching existentiel, bas\u00e9 sur la programmation neurolinguistique, la psychologie Gestalt, les personnalit\u00e9s selon l\u2019Enn\u00e9agramme.<\/p><p>Nos formations sont propos\u00e9es dans vos bureaux, en ligne ou dans la nature en anglais, en espagnol ou fran\u00e7ais.<\/p>\t\t\t\t\t\t\t\t<\/div>\n\t\t\t\t<\/div>\n\t\t\t\t<div class=\"elementor-element elementor-element-f73d442 elementor-widget elementor-widget-button\" data-id=\"f73d442\" data-element_type=\"widget\" data-e-type=\"widget\" data-widget_type=\"button.default\">\n\t\t\t\t<div class=\"elementor-widget-container\">\n\t\t\t\t\t\t\t\t\t<div class=\"elementor-button-wrapper\">\n\t\t\t\t\t<a class=\"elementor-button elementor-button-link elementor-size-sm\" href=\"https:\/\/happydaystress.com\/fr\/contacto\/\">\n\t\t\t\t\t\t<span class=\"elementor-button-content-wrapper\">\n\t\t\t\t\t\t\t\t\t<span class=\"elementor-button-text\">Je veux en savoir plus<\/span>\n\t\t\t\t\t<\/span>\n\t\t\t\t\t<\/a>\n\t\t\t\t<\/div>\n\t\t\t\t\t\t\t\t<\/div>\n\t\t\t\t<\/div>\n\t\t\t\t\t<\/div>\n\t\t<\/div>\n\t\t\t\t\t<\/div>\n\t\t<\/section>\n\t\t\t\t<\/div>","protected":false},"excerpt":{"rendered":"<p>M\u00e9todo Happy Daystress El\u00a0m\u00e9todo Happy Daystress\u00ae\u00a0se enfoca en un aprendizaje profundo y sostenible. Trabajamos con la mente racional (neo-c\u00f3rtex), emocional (cerebro l\u00edmbico) y corporal (cerebro reptiliano) tanto en las formaciones como en los acompa\u00f1amientos de coaching y de apoyo emocional. En las facilitaciones de equipo y las formaciones, usamos juegos y ejercicios de toma de [&hellip;]<\/p>\n","protected":false},"author":6,"featured_media":0,"parent":0,"menu_order":0,"comment_status":"closed","ping_status":"closed","template":"","meta":{"footnotes":""},"class_list":["post-1067","page","type-page","status-publish","hentry"],"_links":{"self":[{"href":"https:\/\/happydaystress.com\/fr\/wp-json\/wp\/v2\/pages\/1067","targetHints":{"allow":["GET"]}}],"collection":[{"href":"https:\/\/happydaystress.com\/fr\/wp-json\/wp\/v2\/pages"}],"about":[{"href":"https:\/\/happydaystress.com\/fr\/wp-json\/wp\/v2\/types\/page"}],"author":[{"embeddable":true,"href":"https:\/\/happydaystress.com\/fr\/wp-json\/wp\/v2\/users\/6"}],"replies":[{"embeddable":true,"href":"https:\/\/happydaystress.com\/fr\/wp-json\/wp\/v2\/comments?post=1067"}],"version-history":[{"count":10,"href":"https:\/\/happydaystress.com\/fr\/wp-json\/wp\/v2\/pages\/1067\/revisions"}],"predecessor-version":[{"id":1433,"href":"https:\/\/happydaystress.com\/fr\/wp-json\/wp\/v2\/pages\/1067\/revisions\/1433"}],"wp:attachment":[{"href":"https:\/\/happydaystress.com\/fr\/wp-json\/wp\/v2\/media?parent=1067"}],"curies":[{"name":"wp","href":"https:\/\/api.w.org\/{rel}","templated":true}]}}