{"id":1068,"date":"2024-11-26T11:36:38","date_gmt":"2024-11-26T10:36:38","guid":{"rendered":"https:\/\/happydaystress.com\/?page_id=1068"},"modified":"2025-01-28T15:30:42","modified_gmt":"2025-01-28T14:30:42","slug":"parati","status":"publish","type":"page","link":"https:\/\/happydaystress.com\/fr\/parati\/","title":{"rendered":"Pour Vous"},"content":{"rendered":"<div data-elementor-type=\"wp-page\" data-elementor-id=\"1068\" class=\"elementor elementor-1068\" data-elementor-post-type=\"page\">\n\t\t\t\t\t\t<section class=\"elementor-section elementor-top-section elementor-element elementor-element-c74f2d8 elementor-section-content-middle elementor-section-boxed elementor-section-height-default elementor-section-height-default\" data-id=\"c74f2d8\" data-element_type=\"section\" data-e-type=\"section\" data-settings=\"{&quot;background_background&quot;:&quot;classic&quot;}\">\n\t\t\t\t\t\t\t<div class=\"elementor-background-overlay\"><\/div>\n\t\t\t\t\t\t\t<div class=\"elementor-container elementor-column-gap-default\">\n\t\t\t\t\t<div class=\"elementor-column elementor-col-50 elementor-top-column elementor-element elementor-element-4190837 elementor-invisible\" data-id=\"4190837\" data-element_type=\"column\" data-e-type=\"column\" data-settings=\"{&quot;animation&quot;:&quot;fadeInLeft&quot;}\">\n\t\t\t<div class=\"elementor-widget-wrap\">\n\t\t\t\t\t\t\t<\/div>\n\t\t<\/div>\n\t\t\t\t<div class=\"elementor-column elementor-col-50 elementor-top-column elementor-element elementor-element-18a4773 elementor-invisible\" data-id=\"18a4773\" data-element_type=\"column\" data-e-type=\"column\" data-settings=\"{&quot;animation&quot;:&quot;fadeInRight&quot;,&quot;background_background&quot;:&quot;classic&quot;}\">\n\t\t\t<div class=\"elementor-widget-wrap elementor-element-populated\">\n\t\t\t\t\t\t<div class=\"elementor-element elementor-element-074772b elementor-widget elementor-widget-heading\" data-id=\"074772b\" data-element_type=\"widget\" data-e-type=\"widget\" data-widget_type=\"heading.default\">\n\t\t\t\t<div class=\"elementor-widget-container\">\n\t\t\t\t\t<h1 class=\"elementor-heading-title elementor-size-default\">Des sessions pour vous\n<\/h1>\t\t\t\t<\/div>\n\t\t\t\t<\/div>\n\t\t\t\t<div class=\"elementor-element elementor-element-6c5b48e elementor-widget elementor-widget-text-editor\" data-id=\"6c5b48e\" data-element_type=\"widget\" data-e-type=\"widget\" data-widget_type=\"text-editor.default\">\n\t\t\t\t<div class=\"elementor-widget-container\">\n\t\t\t\t\t\t\t\t\t<p><strong>Coaching ex\u00e9cutif :<\/strong><\/p><p>G\u00e9rez la pression du poste, am\u00e9liorez vos capacit\u00e9s de leadership, votre communication, votre capacit\u00e9 \u00e0 g\u00e9n\u00e9rer de la confiance, la gestion du temps et la motivation des \u00e9quipes.<\/p><p>Nous travaillons avec l\u2019outil d\u2019\u00e9valuation 360\u00b0 The Leadership Circle\u2122 Profile qui permet un feedback complet sur vos comp\u00e9tences pour am\u00e9liorer votre efficacit\u00e9 en tant que leader.<\/p><p>Nous examinons en profondeur le syst\u00e8me d'exploitation du leader et les croyances limitatives qui ont un impact sur le leadership.<\/p><p><strong>Coaching de carri\u00e8re<\/strong><\/p><p>D\u00e9finissez le projet professionnel qui vous correspond, affrontez les changements, d\u00e9couvrez vos talents, g\u00e9rez vos peurs et vos croyances limitantes.<\/p><p>Am\u00e9liorez votre estime de soi, baissez votre niveau de stress, trouvez un \u00e9quilibre entre vie professionnel et vie priv\u00e9e, am\u00e9liorez vos relations interpersonnelles, augmentez votre potentiel et d\u00e9veloppez un plan d\u2019action pour avancer.<\/p><p>R\u00e9servez votre\u00a0<strong>p<a href=\"https:\/\/happydaystress.com\/fr\/contacto\/\">premi\u00e8re session gratuite<\/a><\/strong>\u00a0de coaching ex\u00e9cutif ou de carri\u00e8re (sans engagement) d\u00e8s maintenant.\n\nVous vivrez une grande transformation int\u00e9rieure, bas\u00e9e sur votre nature profonde, et vous gagnerez en conscience en rentrant en contact avec des parties de vous que vous ne voyiez pas.<\/p><p><strong>Session de soutien \u00e9motionnel  :<\/strong><\/p><p>Partagez ce que vous vivez, ce qui vous est difficile d\u2019exprimer ou d'assimiler, ce qui vous fait souffrir aujourd\u2019hui. Vous recevrez une \u00e9coute empathique, sans jugement, sans que l\u2019on minimise ce que vous \u00eates en train de vivre ou qu\u2019on le compare \u00e0 autre chose.\n\nL\u2019\u00e9coute en pleine conscience de la session de soutien \u00e9motionnel, bas\u00e9e sur la technique d\u2019\u00e9coute empathique de la Communication Nonviolente et sur la PNL, vous aidera \u00e0 accueillir vos \u00e9motions avec compassion, \u00e0 vous sentir soulag\u00e9.e, \u00e0 obtenir de la clart\u00e9 sur ce que vous vivez et vous sentir confiant.e des d\u00e9cisions que vous souhaitez prendre.<\/p>\t\t\t\t\t\t\t\t<\/div>\n\t\t\t\t<\/div>\n\t\t\t\t<div class=\"elementor-element elementor-element-aa487d8 elementor-widget elementor-widget-heading\" data-id=\"aa487d8\" data-element_type=\"widget\" data-e-type=\"widget\" data-widget_type=\"heading.default\">\n\t\t\t\t<div class=\"elementor-widget-container\">\n\t\t\t\t\t<h2 class=\"elementor-heading-title elementor-size-default\">Des avantages multiples :<\/h2>\t\t\t\t<\/div>\n\t\t\t\t<\/div>\n\t\t\t\t<div class=\"elementor-element elementor-element-8ceff89 elementor-widget elementor-widget-text-editor\" data-id=\"8ceff89\" data-element_type=\"widget\" data-e-type=\"widget\" data-widget_type=\"text-editor.default\">\n\t\t\t\t<div class=\"elementor-widget-container\">\n\t\t\t\t\t\t\t\t\t<ul>\n<li>Am\u00e9liorez votre communication avec les autres<\/li>\n<li>Renforcez votre confiance en vous<\/li>\n<li>\u00c9voluez en tant que leader<\/li>\n<li>Epanouissez-vous dans votre position<\/li>\n<\/ul>\t\t\t\t\t\t\t\t<\/div>\n\t\t\t\t<\/div>\n\t\t\t\t<div class=\"elementor-element elementor-element-279d2c0 elementor-widget elementor-widget-button\" data-id=\"279d2c0\" data-element_type=\"widget\" data-e-type=\"widget\" data-widget_type=\"button.default\">\n\t\t\t\t<div class=\"elementor-widget-container\">\n\t\t\t\t\t\t\t\t\t<div class=\"elementor-button-wrapper\">\n\t\t\t\t\t<a class=\"elementor-button elementor-button-link elementor-size-sm\" href=\"https:\/\/happydaystress.com\/fr\/contacto\/\">\n\t\t\t\t\t\t<span class=\"elementor-button-content-wrapper\">\n\t\t\t\t\t\t\t\t\t<span class=\"elementor-button-text\">Je veux en savoir plus<\/span>\n\t\t\t\t\t<\/span>\n\t\t\t\t\t<\/a>\n\t\t\t\t<\/div>\n\t\t\t\t\t\t\t\t<\/div>\n\t\t\t\t<\/div>\n\t\t\t\t\t<\/div>\n\t\t<\/div>\n\t\t\t\t\t<\/div>\n\t\t<\/section>\n\t\t<div class=\"elementor-element elementor-element-20778c4 e-con-full e-flex e-con e-parent\" data-id=\"20778c4\" data-element_type=\"container\" data-e-type=\"container\">\n\t\t\t\t<div class=\"elementor-element elementor-element-e29b98c elementor-widget elementor-widget-gallery\" data-id=\"e29b98c\" data-element_type=\"widget\" data-e-type=\"widget\" data-settings=\"{&quot;columns&quot;:3,&quot;columns_tablet&quot;:3,&quot;gap&quot;:{&quot;unit&quot;:&quot;px&quot;,&quot;size&quot;:0,&quot;sizes&quot;:[]},&quot;gap_tablet&quot;:{&quot;unit&quot;:&quot;px&quot;,&quot;size&quot;:0,&quot;sizes&quot;:[]},&quot;gap_mobile&quot;:{&quot;unit&quot;:&quot;px&quot;,&quot;size&quot;:0,&quot;sizes&quot;:[]},&quot;lazyload&quot;:&quot;yes&quot;,&quot;gallery_layout&quot;:&quot;grid&quot;,&quot;columns_mobile&quot;:1,&quot;aspect_ratio&quot;:&quot;3:2&quot;,&quot;overlay_background&quot;:&quot;yes&quot;,&quot;content_hover_animation&quot;:&quot;fade-in&quot;}\" data-widget_type=\"gallery.default\">\n\t\t\t\t<div class=\"elementor-widget-container\">\n\t\t\t\t\t\t\t<div class=\"elementor-gallery__container\">\n\t\t\t\t\t\t\t<div class=\"e-gallery-item elementor-gallery-item elementor-animated-content\">\n\t\t\t\t\t<div class=\"e-gallery-image elementor-gallery-item__image\" data-thumbnail=\"https:\/\/happydaystress.com\/wp-content\/uploads\/2024\/11\/MG_4138.jpg\" data-width=\"1000\" data-height=\"667\" aria-label=\"\u00bfQu\u00e9 es el coaching para l\u00edderes?\" role=\"img\" ><\/div>\n\t\t\t\t\t\t\t\t\t\t\t<div class=\"elementor-gallery-item__overlay\"><\/div>\n\t\t\t\t\t\t\t\t\t\t\t\t\t\t<\/div>\n\t\t\t\t\t\t\t<div class=\"e-gallery-item elementor-gallery-item elementor-animated-content\">\n\t\t\t\t\t<div class=\"e-gallery-image elementor-gallery-item__image\" data-thumbnail=\"https:\/\/happydaystress.com\/wp-content\/uploads\/2024\/11\/MG_4221-1.jpg\" data-width=\"1000\" data-height=\"667\" aria-label=\"Beneficios del coaching para l\u00edderes en Barcelona\" role=\"img\" ><\/div>\n\t\t\t\t\t\t\t\t\t\t\t<div class=\"elementor-gallery-item__overlay\"><\/div>\n\t\t\t\t\t\t\t\t\t\t\t\t\t\t<\/div>\n\t\t\t\t\t\t\t<div class=\"e-gallery-item elementor-gallery-item elementor-animated-content\">\n\t\t\t\t\t<div class=\"e-gallery-image elementor-gallery-item__image\" data-thumbnail=\"https:\/\/happydaystress.com\/wp-content\/uploads\/2024\/11\/MG_4110.jpg\" data-width=\"1400\" data-height=\"933\" aria-label=\"El Valor del liderazgo en la formaci\u00f3n acad\u00e9mica\" role=\"img\" ><\/div>\n\t\t\t\t\t\t\t\t\t\t\t<div class=\"elementor-gallery-item__overlay\"><\/div>\n\t\t\t\t\t\t\t\t\t\t\t\t\t\t<\/div>\n\t\t\t\t\t<\/div>\n\t\t\t\t\t<\/div>\n\t\t\t\t<\/div>\n\t\t\t\t<\/div>\n\t\t\t\t<\/div>","protected":false},"excerpt":{"rendered":"<p>Sesiones para ti Coaching ejecutivo: Gestiona\u00a0la presi\u00f3n del puesto, mejora tus aptitudes de comunicaci\u00f3n, tu capacidad de generar confianza, gestionar tu tiempo o motivar equipos. Usamos la herramienta 360 Leadership Circle ProfileTM\u00a0\u00a0\u00a0que describe 29 dimensiones de tendencias reactivas y competencias creativas. Miramos en profundidad al sistema operativo del l\u00edder y las creencias limitantes que tienen [&hellip;]<\/p>\n","protected":false},"author":6,"featured_media":0,"parent":0,"menu_order":0,"comment_status":"closed","ping_status":"closed","template":"","meta":{"footnotes":""},"class_list":["post-1068","page","type-page","status-publish","hentry"],"_links":{"self":[{"href":"https:\/\/happydaystress.com\/fr\/wp-json\/wp\/v2\/pages\/1068","targetHints":{"allow":["GET"]}}],"collection":[{"href":"https:\/\/happydaystress.com\/fr\/wp-json\/wp\/v2\/pages"}],"about":[{"href":"https:\/\/happydaystress.com\/fr\/wp-json\/wp\/v2\/types\/page"}],"author":[{"embeddable":true,"href":"https:\/\/happydaystress.com\/fr\/wp-json\/wp\/v2\/users\/6"}],"replies":[{"embeddable":true,"href":"https:\/\/happydaystress.com\/fr\/wp-json\/wp\/v2\/comments?post=1068"}],"version-history":[{"count":13,"href":"https:\/\/happydaystress.com\/fr\/wp-json\/wp\/v2\/pages\/1068\/revisions"}],"predecessor-version":[{"id":1430,"href":"https:\/\/happydaystress.com\/fr\/wp-json\/wp\/v2\/pages\/1068\/revisions\/1430"}],"wp:attachment":[{"href":"https:\/\/happydaystress.com\/fr\/wp-json\/wp\/v2\/media?parent=1068"}],"curies":[{"name":"wp","href":"https:\/\/api.w.org\/{rel}","templated":true}]}}